{"id":54,"date":"2022-06-01T10:00:35","date_gmt":"2022-06-01T13:00:35","guid":{"rendered":"https:\/\/grupomonteiro.criaturodesign.com\/?page_id=54"},"modified":"2022-06-01T10:00:37","modified_gmt":"2022-06-01T13:00:37","slug":"blog","status":"publish","type":"page","link":"https:\/\/www.monteiroservicos.com.br\/grupomonteiro\/blog\/","title":{"rendered":"Blog"},"content":{"rendered":"","protected":false},"excerpt":{"rendered":"","protected":false},"author":1,"featured_media":0,"parent":0,"menu_order":0,"comment_status":"closed","ping_status":"closed","template":"page-blog.php","meta":[],"acf":[],"yoast_head":"<!-- This site is optimized with the Yoast SEO plugin v20.12 - https:\/\/yoast.com\/wordpress\/plugins\/seo\/ -->\n<title>Blog - Grupo Monteiro<\/title>\n<meta name=\"robots\" content=\"index, follow, max-snippet:-1, max-image-preview:large, max-video-preview:-1\" \/>\n<link rel=\"canonical\" href=\"https:\/\/www.monteiroservicos.com.br\/grupomonteiro\/blog\/\" \/>\n<meta property=\"og:locale\" content=\"pt_BR\" \/>\n<meta property=\"og:type\" content=\"article\" \/>\n<meta property=\"og:title\" content=\"Blog - Grupo Monteiro\" \/>\n<meta property=\"og:url\" content=\"https:\/\/www.monteiroservicos.com.br\/grupomonteiro\/blog\/\" \/>\n<meta property=\"og:site_name\" content=\"Grupo Monteiro\" \/>\n<meta property=\"article:modified_time\" content=\"2022-06-01T13:00:37+00:00\" \/>\n<meta name=\"twitter:card\" content=\"summary_large_image\" \/>\n<script type=\"application\/ld+json\" class=\"yoast-schema-graph\">{\"@context\":\"https:\/\/schema.org\",\"@graph\":[{\"@type\":\"WebPage\",\"@id\":\"https:\/\/www.monteiroservicos.com.br\/grupomonteiro\/blog\/\",\"url\":\"https:\/\/www.monteiroservicos.com.br\/grupomonteiro\/blog\/\",\"name\":\"Blog - Grupo Monteiro\",\"isPartOf\":{\"@id\":\"https:\/\/www.monteiroservicos.com.br\/grupomonteiro\/#website\"},\"datePublished\":\"2022-06-01T13:00:35+00:00\",\"dateModified\":\"2022-06-01T13:00:37+00:00\",\"breadcrumb\":{\"@id\":\"https:\/\/www.monteiroservicos.com.br\/grupomonteiro\/blog\/#breadcrumb\"},\"inLanguage\":\"pt-BR\",\"potentialAction\":[{\"@type\":\"ReadAction\",\"target\":[\"https:\/\/www.monteiroservicos.com.br\/grupomonteiro\/blog\/\"]}]},{\"@type\":\"BreadcrumbList\",\"@id\":\"https:\/\/www.monteiroservicos.com.br\/grupomonteiro\/blog\/#breadcrumb\",\"itemListElement\":[{\"@type\":\"ListItem\",\"position\":1,\"name\":\"In\u00edcio\",\"item\":\"https:\/\/www.monteiroservicos.com.br\/grupomonteiro\/\"},{\"@type\":\"ListItem\",\"position\":2,\"name\":\"Blog\"}]},{\"@type\":\"WebSite\",\"@id\":\"https:\/\/www.monteiroservicos.com.br\/grupomonteiro\/#website\",\"url\":\"https:\/\/www.monteiroservicos.com.br\/grupomonteiro\/\",\"name\":\"Grupo Monteiro\",\"description\":\"Servi\u00e7o de Portaria - Solu\u00e7\u00f5es personalizadas para o seu neg\u00f3cio\",\"potentialAction\":[{\"@type\":\"SearchAction\",\"target\":{\"@type\":\"EntryPoint\",\"urlTemplate\":\"https:\/\/www.monteiroservicos.com.br\/grupomonteiro\/?s={search_term_string}\"},\"query-input\":\"required name=search_term_string\"}],\"inLanguage\":\"pt-BR\"}]}<\/script>\n<!-- \/ Yoast SEO plugin. -->","yoast_head_json":{"title":"Blog - Grupo Monteiro","robots":{"index":"index","follow":"follow","max-snippet":"max-snippet:-1","max-image-preview":"max-image-preview:large","max-video-preview":"max-video-preview:-1"},"canonical":"https:\/\/www.monteiroservicos.com.br\/grupomonteiro\/blog\/","og_locale":"pt_BR","og_type":"article","og_title":"Blog - Grupo Monteiro","og_url":"https:\/\/www.monteiroservicos.com.br\/grupomonteiro\/blog\/","og_site_name":"Grupo Monteiro","article_modified_time":"2022-06-01T13:00:37+00:00","twitter_card":"summary_large_image","schema":{"@context":"https:\/\/schema.org","@graph":[{"@type":"WebPage","@id":"https:\/\/www.monteiroservicos.com.br\/grupomonteiro\/blog\/","url":"https:\/\/www.monteiroservicos.com.br\/grupomonteiro\/blog\/","name":"Blog - Grupo Monteiro","isPartOf":{"@id":"https:\/\/www.monteiroservicos.com.br\/grupomonteiro\/#website"},"datePublished":"2022-06-01T13:00:35+00:00","dateModified":"2022-06-01T13:00:37+00:00","breadcrumb":{"@id":"https:\/\/www.monteiroservicos.com.br\/grupomonteiro\/blog\/#breadcrumb"},"inLanguage":"pt-BR","potentialAction":[{"@type":"ReadAction","target":["https:\/\/www.monteiroservicos.com.br\/grupomonteiro\/blog\/"]}]},{"@type":"BreadcrumbList","@id":"https:\/\/www.monteiroservicos.com.br\/grupomonteiro\/blog\/#breadcrumb","itemListElement":[{"@type":"ListItem","position":1,"name":"In\u00edcio","item":"https:\/\/www.monteiroservicos.com.br\/grupomonteiro\/"},{"@type":"ListItem","position":2,"name":"Blog"}]},{"@type":"WebSite","@id":"https:\/\/www.monteiroservicos.com.br\/grupomonteiro\/#website","url":"https:\/\/www.monteiroservicos.com.br\/grupomonteiro\/","name":"Grupo Monteiro","description":"Servi\u00e7o de Portaria - Solu\u00e7\u00f5es personalizadas para o seu neg\u00f3cio","potentialAction":[{"@type":"SearchAction","target":{"@type":"EntryPoint","urlTemplate":"https:\/\/www.monteiroservicos.com.br\/grupomonteiro\/?s={search_term_string}"},"query-input":"required name=search_term_string"}],"inLanguage":"pt-BR"}]}},"_links":{"self":[{"href":"https:\/\/www.monteiroservicos.com.br\/grupomonteiro\/wp-json\/wp\/v2\/pages\/54"}],"collection":[{"href":"https:\/\/www.monteiroservicos.com.br\/grupomonteiro\/wp-json\/wp\/v2\/pages"}],"about":[{"href":"https:\/\/www.monteiroservicos.com.br\/grupomonteiro\/wp-json\/wp\/v2\/types\/page"}],"author":[{"embeddable":true,"href":"https:\/\/www.monteiroservicos.com.br\/grupomonteiro\/wp-json\/wp\/v2\/users\/1"}],"replies":[{"embeddable":true,"href":"https:\/\/www.monteiroservicos.com.br\/grupomonteiro\/wp-json\/wp\/v2\/comments?post=54"}],"version-history":[{"count":1,"href":"https:\/\/www.monteiroservicos.com.br\/grupomonteiro\/wp-json\/wp\/v2\/pages\/54\/revisions"}],"predecessor-version":[{"id":55,"href":"https:\/\/www.monteiroservicos.com.br\/grupomonteiro\/wp-json\/wp\/v2\/pages\/54\/revisions\/55"}],"wp:attachment":[{"href":"https:\/\/www.monteiroservicos.com.br\/grupomonteiro\/wp-json\/wp\/v2\/media?parent=54"}],"curies":[{"name":"wp","href":"https:\/\/api.w.org\/{rel}","templated":true}]}}